{"id":1934,"date":"2021-05-11T10:20:28","date_gmt":"2021-05-11T13:20:28","guid":{"rendered":"https:\/\/www.afarte.org.ar\/_newsite\/?page_id=1934"},"modified":"2021-05-26T17:24:06","modified_gmt":"2021-05-26T20:24:06","slug":"test-quienes_somos-2","status":"publish","type":"page","link":"https:\/\/www.afarte.org.ar\/_newsite\/test-quienes_somos-2\/","title":{"rendered":"TEST_Quienes Somos"},"content":{"rendered":"<section class='page-content' style=''  ><section class='container'><div class='row' style=''><div class='col-md-12 ' style='' ><div class='custom-heading'>\n                            <h3>PERFIL<\/h3>                            \n                        <\/div><div class='cma-wysiwyg-editor'><p style=\"text-align: justify;\">La Asociaci\u00f3n de F\u00e1bricas Argentinas <img decoding=\"async\" class=\"wp-image-1146 size-full alignright\" src=\"https:\/\/www.afarte.org.ar\/_newsite\/wp-content\/uploads\/2016\/10\/logo_transp4.png\" width=\"273\" height=\"42\" \/>Terminales de Electr\u00f3nica fue creada hace 60 a\u00f1os y nuclea a las principales empresas fabricantes de bienes electr\u00f3nicos de consumo, equipos de aire acondicionado, televisores, cocinas de microondas, telefon\u00eda celular y electr\u00f3nica para el autom\u00f3vil.<\/p><p>AFARTE est\u00e1 conformada por empresas de capital nacional, extranjero o mixto que poseen sus plantas productivas en la provincia de Tierra del Fuego. En conjunto, generan 8.800 puestos de trabajo de manera directa e indirecta e invierten en el pa\u00eds en tecnolog\u00eda de \u00faltima generaci\u00f3n. Sus productos, elaborados bajo los m\u00e1s altos est\u00e1ndares de calidad, llegan a los consumidores con las m\u00e1s prestigiosas marcas nacionales e internacionales.<\/p><\/div><\/div><\/div><div class='row' style=''><div class='col-md-6 ' style='' ><div class='custom-heading'>\n                            <h3>NUESTRA MISI\u00d3N<\/h3>                            \n                        <\/div><div class='cma-wysiwyg-editor'><p>Ejercer una representaci\u00f3n responsable de la industria electr\u00f3nica de consumo frente a sus diferentes p\u00fablicos de inter\u00e9s, promoviendo la generaci\u00f3n de empleo, la integraci\u00f3n con otros sectores industriales, la permanente actualizaci\u00f3n tecnol\u00f3gica y un trabajo constante en la mejora de la competitividad del sector.<\/p><\/div><\/div><div class='col-md-6 ' style='' ><div class='custom-heading'>\n                            <h3>PRINCIPALES ATRIBUTOS<\/h3>                            \n                        <\/div><ul class='fa-ul default'><li><i class='fa fa-li fa-paint-brush'><\/i>Empresas de trayectoria nacional e internacional.<\/li><li><i class='fa fa-li fa-paint-brush'><\/i>Emplea 6.000 personas de forma directa y 2.800 de manera indirecta.<\/li><li><i class='fa fa-li fa-paint-brush'><\/i>Reinversi\u00f3n en desarrollos industriales y tecnol\u00f3gicos.<\/li><li><i class='fa fa-li fa-paint-brush'><\/i>Plantas industriales de vanguardia en R\u00edo Grande y Ushuaia.<\/li><li><i class='fa fa-li fa-paint-brush'><\/i>Fabric\u00f3 en 2019 7,3 millones de celulares, 1,8 millones de TV y 908 millones de acondicionadores de aire.<\/li><li><i class='fa fa-li fa-paint-brush'><\/i>En 2019 alcanz\u00f3 una facturaci\u00f3n de U$S 1.740 millones.<\/li><li><i class='fa fa-li fa-paint-brush'><\/i>U$S 500 millones invertidos en los \u00faltimos cinco a\u00f1os.<\/li><\/ul><\/div><\/div><\/section><\/section><section class='page-content' style=''  ><section class='container'><div class='row' style=''><div class='col-md-12 ' style='' ><div class='custom-heading'>\n                            <h2>NUESTRA HISTORIA<\/h2>                            \n                        <\/div><div class='cma-wysiwyg-editor'><p>La provincia de Tierra del Fuego se ha convertido en un polo tecnol\u00f3gico donde predominan diversas industrias, entre ellas la industria electr\u00f3nica que posee f\u00e1bricas en las ciudades de R\u00edo Grande y Ushuaia. Este Polo Tecnol\u00f3gico naci\u00f3 como consecuencia de la creaci\u00f3n del r\u00e9gimen de promoci\u00f3n econ\u00f3mica, que fue creado en 1972 con fines geopol\u00edticos y del cual se desprende el subr\u00e9gimen de promoci\u00f3n industrial.<\/p><p>A principios de la d\u00e9cada de los setenta, la escasa poblaci\u00f3n de la regi\u00f3n austral argentina era una debilidad geopol\u00edtica importante, por ese motivo se impuls\u00f3 la idea de fomentar una migraci\u00f3n interna de personas hacia la zona.<\/p><p>Con el objetivo de promover el desarrollo socioecon\u00f3mico en la provincia de Tierra del Fuego y para motivar a la industria manufacturera nacional para que se instalara en el sur, fue necesario crear condiciones econ\u00f3micas e impositivas especiales que resultaran lo suficientemente atractivas para empleadores y empleados.<\/p><p>El sector evolucion\u00f3 y en la actualidad existen, en toda la provincia, <span style=\"font-weight: 400;\">58 empresas de las cuales 34 fabrican bienes electr\u00f3nicos de consumo<\/span>, bajo est\u00e1ndares internacionales de calidad.<\/p><p>Afarte naci\u00f3 en 1956 conformada por empresas que producen equipos de aire acondicionado, televisores, cocinas de microondas, inform\u00e1tica, telefon\u00eda celular y electr\u00f3nica para el autom\u00f3vil. Llevan invertidos m\u00e1s de U$S 500 millones en los \u00faltimos cinco a\u00f1os y en 2019 facturaron U$S 1.740 millones en conjunto.<\/p><\/div><\/div><\/div><\/section><\/section><section class='page-content' style=''  ><section class='container'><div class='row' style=''><div class='col-md-12 ' style='' ><div class='custom-heading'>\n                            <h3>AUTORIDADES<\/h3>                            \n                        <\/div><\/div><\/div><div class='row ppadding-bottom0pximportant' style=''><div class='col-md-6 ' style='' ><div class='cma-wysiwyg-editor'><h5 style=\"margin: 0 auto;\">FEDERICO HELLEMEYER<\/h5><p class=\"position\">Presidente<br \/>AFARTE<\/p><\/div><div class='cma-wysiwyg-editor'><h5 style=\"margin: 0 auto;\">LUIS GALLI<\/h5><p class=\"position\">Vicepresidente 2\u00b0<br>Newsan<\/p><\/div><div class='cma-wysiwyg-editor'><h5 style=\"margin: 0 auto;\">ENRIQUE JURKOWSKI<\/h5><p class=\"position\">Tesorero<br>Radio Victoria<\/p><\/div><\/div><div class='col-md-6 ' style='' ><div class='cma-wysiwyg-editor'><h5 style=\"margin: 0 auto;\">MARCELO GIROTTI<\/h5><p class=\"position\">Vicepresidente 1\u00b0<br \/>BGH<\/p><\/div><div class='cma-wysiwyg-editor'><h5 style=\"margin: 0 auto;\">JOS\u00c9 ALONSO<\/h5><p class=\"position\">Secretario<br>Mirgor<\/p><\/div><div class='cma-wysiwyg-editor'><h5 style=\"margin: 0 auto;\">GERM\u00c1N DAMIANO<\/h5><p class=\"position\">Vocal<br>Midea<\/p><\/div><\/div><\/div><\/section><\/section>\n","protected":false},"excerpt":{"rendered":"","protected":false},"author":1,"featured_media":0,"parent":0,"menu_order":0,"comment_status":"closed","ping_status":"closed","template":"","meta":{"inline_featured_image":false,"footnotes":""},"class_list":["post-1934","page","type-page","status-publish","hentry"],"_links":{"self":[{"href":"https:\/\/www.afarte.org.ar\/_newsite\/wp-json\/wp\/v2\/pages\/1934"}],"collection":[{"href":"https:\/\/www.afarte.org.ar\/_newsite\/wp-json\/wp\/v2\/pages"}],"about":[{"href":"https:\/\/www.afarte.org.ar\/_newsite\/wp-json\/wp\/v2\/types\/page"}],"author":[{"embeddable":true,"href":"https:\/\/www.afarte.org.ar\/_newsite\/wp-json\/wp\/v2\/users\/1"}],"replies":[{"embeddable":true,"href":"https:\/\/www.afarte.org.ar\/_newsite\/wp-json\/wp\/v2\/comments?post=1934"}],"version-history":[{"count":11,"href":"https:\/\/www.afarte.org.ar\/_newsite\/wp-json\/wp\/v2\/pages\/1934\/revisions"}],"predecessor-version":[{"id":1949,"href":"https:\/\/www.afarte.org.ar\/_newsite\/wp-json\/wp\/v2\/pages\/1934\/revisions\/1949"}],"wp:attachment":[{"href":"https:\/\/www.afarte.org.ar\/_newsite\/wp-json\/wp\/v2\/media?parent=1934"}],"curies":[{"name":"wp","href":"https:\/\/api.w.org\/{rel}","templated":true}]}}