{"id":1726,"date":"2020-07-21T21:15:54","date_gmt":"2020-07-22T00:15:54","guid":{"rendered":"https:\/\/www.afarte.org.ar\/_newsite\/?page_id=1726"},"modified":"2024-08-29T02:08:43","modified_gmt":"2024-08-29T05:08:43","slug":"estadisticas-afarte","status":"publish","type":"page","link":"https:\/\/www.afarte.org.ar\/_newsite\/estadisticas-afarte\/","title":{"rendered":"Estad\u00edsticas AFARTE"},"content":{"rendered":"\t\t<div data-elementor-type=\"wp-page\" data-elementor-id=\"1726\" class=\"elementor elementor-1726\">\n\t\t\t\t<div class=\"elementor-element elementor-element-63c27d8d e-con-full e-flex e-con e-parent\" data-id=\"63c27d8d\" data-element_type=\"container\">\n\t\t\t\t<div class=\"elementor-element elementor-element-f63d9c4 elementor-widget elementor-widget-image\" data-id=\"f63d9c4\" data-element_type=\"widget\" data-widget_type=\"image.default\">\n\t\t\t\t<div class=\"elementor-widget-container\">\n\t\t\t<style>\/*! elementor - v3.23.0 - 05-08-2024 *\/\n.elementor-widget-image{text-align:center}.elementor-widget-image a{display:inline-block}.elementor-widget-image a img[src$=\".svg\"]{width:48px}.elementor-widget-image img{vertical-align:middle;display:inline-block}<\/style>\t\t\t\t\t\t\t\t\t\t<img decoding=\"async\" src=\"https:\/\/www.afarte.org.ar\/_newsite\/wp-content\/uploads\/2021\/12\/thumbnail.jpg\" title=\"thumbnail\" alt=\"thumbnail\" loading=\"lazy\" \/>\t\t\t\t\t\t\t\t\t\t\t\t\t<\/div>\n\t\t\t\t<\/div>\n\t\t\t\t<\/div>\n\t\t<div class=\"elementor-element elementor-element-226d316 e-flex e-con-boxed e-con e-child\" data-id=\"226d316\" data-element_type=\"container\">\n\t\t\t\t\t<div class=\"e-con-inner\">\n\t\t\t\t<div class=\"elementor-element elementor-element-3b8d15d elementor-widget-divider--view-line elementor-widget elementor-widget-divider\" data-id=\"3b8d15d\" data-element_type=\"widget\" data-widget_type=\"divider.default\">\n\t\t\t\t<div class=\"elementor-widget-container\">\n\t\t\t<style>\/*! elementor - v3.23.0 - 05-08-2024 *\/\n.elementor-widget-divider{--divider-border-style:none;--divider-border-width:1px;--divider-color:#0c0d0e;--divider-icon-size:20px;--divider-element-spacing:10px;--divider-pattern-height:24px;--divider-pattern-size:20px;--divider-pattern-url:none;--divider-pattern-repeat:repeat-x}.elementor-widget-divider .elementor-divider{display:flex}.elementor-widget-divider .elementor-divider__text{font-size:15px;line-height:1;max-width:95%}.elementor-widget-divider .elementor-divider__element{margin:0 var(--divider-element-spacing);flex-shrink:0}.elementor-widget-divider .elementor-icon{font-size:var(--divider-icon-size)}.elementor-widget-divider .elementor-divider-separator{display:flex;margin:0;direction:ltr}.elementor-widget-divider--view-line_icon .elementor-divider-separator,.elementor-widget-divider--view-line_text .elementor-divider-separator{align-items:center}.elementor-widget-divider--view-line_icon .elementor-divider-separator:after,.elementor-widget-divider--view-line_icon .elementor-divider-separator:before,.elementor-widget-divider--view-line_text .elementor-divider-separator:after,.elementor-widget-divider--view-line_text .elementor-divider-separator:before{display:block;content:\"\";border-block-end:0;flex-grow:1;border-block-start:var(--divider-border-width) var(--divider-border-style) var(--divider-color)}.elementor-widget-divider--element-align-left .elementor-divider .elementor-divider-separator>.elementor-divider__svg:first-of-type{flex-grow:0;flex-shrink:100}.elementor-widget-divider--element-align-left .elementor-divider-separator:before{content:none}.elementor-widget-divider--element-align-left .elementor-divider__element{margin-left:0}.elementor-widget-divider--element-align-right .elementor-divider .elementor-divider-separator>.elementor-divider__svg:last-of-type{flex-grow:0;flex-shrink:100}.elementor-widget-divider--element-align-right .elementor-divider-separator:after{content:none}.elementor-widget-divider--element-align-right .elementor-divider__element{margin-right:0}.elementor-widget-divider--element-align-start .elementor-divider .elementor-divider-separator>.elementor-divider__svg:first-of-type{flex-grow:0;flex-shrink:100}.elementor-widget-divider--element-align-start .elementor-divider-separator:before{content:none}.elementor-widget-divider--element-align-start .elementor-divider__element{margin-inline-start:0}.elementor-widget-divider--element-align-end .elementor-divider .elementor-divider-separator>.elementor-divider__svg:last-of-type{flex-grow:0;flex-shrink:100}.elementor-widget-divider--element-align-end .elementor-divider-separator:after{content:none}.elementor-widget-divider--element-align-end .elementor-divider__element{margin-inline-end:0}.elementor-widget-divider:not(.elementor-widget-divider--view-line_text):not(.elementor-widget-divider--view-line_icon) .elementor-divider-separator{border-block-start:var(--divider-border-width) var(--divider-border-style) var(--divider-color)}.elementor-widget-divider--separator-type-pattern{--divider-border-style:none}.elementor-widget-divider--separator-type-pattern.elementor-widget-divider--view-line .elementor-divider-separator,.elementor-widget-divider--separator-type-pattern:not(.elementor-widget-divider--view-line) .elementor-divider-separator:after,.elementor-widget-divider--separator-type-pattern:not(.elementor-widget-divider--view-line) .elementor-divider-separator:before,.elementor-widget-divider--separator-type-pattern:not([class*=elementor-widget-divider--view]) .elementor-divider-separator{width:100%;min-height:var(--divider-pattern-height);-webkit-mask-size:var(--divider-pattern-size) 100%;mask-size:var(--divider-pattern-size) 100%;-webkit-mask-repeat:var(--divider-pattern-repeat);mask-repeat:var(--divider-pattern-repeat);background-color:var(--divider-color);-webkit-mask-image:var(--divider-pattern-url);mask-image:var(--divider-pattern-url)}.elementor-widget-divider--no-spacing{--divider-pattern-size:auto}.elementor-widget-divider--bg-round{--divider-pattern-repeat:round}.rtl .elementor-widget-divider .elementor-divider__text{direction:rtl}.e-con-inner>.elementor-widget-divider,.e-con>.elementor-widget-divider{width:var(--container-widget-width,100%);--flex-grow:var(--container-widget-flex-grow)}<\/style>\t\t<div class=\"elementor-divider\">\n\t\t\t<span class=\"elementor-divider-separator\">\n\t\t\t\t\t\t<\/span>\n\t\t<\/div>\n\t\t\t\t<\/div>\n\t\t\t\t<\/div>\n\t\t\t\t<div class=\"elementor-element elementor-element-6bdbcee elementor-widget elementor-widget-heading\" data-id=\"6bdbcee\" data-element_type=\"widget\" data-widget_type=\"heading.default\">\n\t\t\t\t<div class=\"elementor-widget-container\">\n\t\t\t<style>\/*! elementor - v3.23.0 - 05-08-2024 *\/\n.elementor-heading-title{padding:0;margin:0;line-height:1}.elementor-widget-heading .elementor-heading-title[class*=elementor-size-]>a{color:inherit;font-size:inherit;line-height:inherit}.elementor-widget-heading .elementor-heading-title.elementor-size-small{font-size:15px}.elementor-widget-heading .elementor-heading-title.elementor-size-medium{font-size:19px}.elementor-widget-heading .elementor-heading-title.elementor-size-large{font-size:29px}.elementor-widget-heading .elementor-heading-title.elementor-size-xl{font-size:39px}.elementor-widget-heading .elementor-heading-title.elementor-size-xxl{font-size:59px}<\/style><h2 class=\"elementor-heading-title elementor-size-default\">Estad\u00edsticas afarte<\/h2>\t\t<\/div>\n\t\t\t\t<\/div>\n\t\t\t\t<div class=\"elementor-element elementor-element-ea1c447 elementor-widget elementor-widget-text-editor\" data-id=\"ea1c447\" data-element_type=\"widget\" data-widget_type=\"text-editor.default\">\n\t\t\t\t<div class=\"elementor-widget-container\">\n\t\t\t<style>\/*! elementor - v3.23.0 - 05-08-2024 *\/\n.elementor-widget-text-editor.elementor-drop-cap-view-stacked .elementor-drop-cap{background-color:#69727d;color:#fff}.elementor-widget-text-editor.elementor-drop-cap-view-framed .elementor-drop-cap{color:#69727d;border:3px solid;background-color:transparent}.elementor-widget-text-editor:not(.elementor-drop-cap-view-default) .elementor-drop-cap{margin-top:8px}.elementor-widget-text-editor:not(.elementor-drop-cap-view-default) .elementor-drop-cap-letter{width:1em;height:1em}.elementor-widget-text-editor .elementor-drop-cap{float:left;text-align:center;line-height:1;font-size:50px}.elementor-widget-text-editor .elementor-drop-cap-letter{display:inline-block}<\/style>\t\t\t\tLos principales fabricantes de bienes electr\u00f3nicos de consumo: equipos de aire acondicionado, televisores, cocinas de microondas y telefon\u00eda celular, integramos la Asociaci\u00f3n de F\u00e1bricas Argentinas Terminales de Electr\u00f3nica, nuestra c\u00e1mara empresaria que agrupa a los protagonistas de esta actividad en la Argentina.\t\t\t\t\t\t<\/div>\n\t\t\t\t<\/div>\n\t\t\t\t\t<\/div>\n\t\t\t\t<\/div>\n\t\t<div class=\"elementor-element elementor-element-29fc7d5 e-grid e-con-boxed e-con e-child\" data-id=\"29fc7d5\" data-element_type=\"container\">\n\t\t\t\t\t<div class=\"e-con-inner\">\n\t\t<div class=\"elementor-element elementor-element-7723709 e-con-full e-flex e-con e-child\" data-id=\"7723709\" data-element_type=\"container\">\n\t\t\t\t<div class=\"elementor-element elementor-element-56b156f elementor-widget-divider--view-line elementor-widget elementor-widget-divider\" data-id=\"56b156f\" data-element_type=\"widget\" data-widget_type=\"divider.default\">\n\t\t\t\t<div class=\"elementor-widget-container\">\n\t\t\t\t\t<div class=\"elementor-divider\">\n\t\t\t<span class=\"elementor-divider-separator\">\n\t\t\t\t\t\t<\/span>\n\t\t<\/div>\n\t\t\t\t<\/div>\n\t\t\t\t<\/div>\n\t\t\t\t<div class=\"elementor-element elementor-element-088d2e5 elementor-widget elementor-widget-heading\" data-id=\"088d2e5\" data-element_type=\"widget\" data-widget_type=\"heading.default\">\n\t\t\t\t<div class=\"elementor-widget-container\">\n\t\t\t<h2 class=\"elementor-heading-title elementor-size-default\">Datos 2023<\/h2>\t\t<\/div>\n\t\t\t\t<\/div>\n\t\t\t\t<div class=\"elementor-element elementor-element-cddac92 elementor-widget elementor-widget-image\" data-id=\"cddac92\" data-element_type=\"widget\" data-widget_type=\"image.default\">\n\t\t\t\t<div class=\"elementor-widget-container\">\n\t\t\t\t\t\t\t\t\t\t\t\t\t<img fetchpriority=\"high\" decoding=\"async\" width=\"962\" height=\"1024\" src=\"https:\/\/www.afarte.org.ar\/_newsite\/wp-content\/uploads\/2024\/08\/Infog_1920x1080-2023-962x1024.jpg\" class=\"attachment-large size-large wp-image-2368\" alt=\"\" srcset=\"https:\/\/www.afarte.org.ar\/_newsite\/wp-content\/uploads\/2024\/08\/Infog_1920x1080-2023-962x1024.jpg 962w, https:\/\/www.afarte.org.ar\/_newsite\/wp-content\/uploads\/2024\/08\/Infog_1920x1080-2023-282x300.jpg 282w, https:\/\/www.afarte.org.ar\/_newsite\/wp-content\/uploads\/2024\/08\/Infog_1920x1080-2023-141x150.jpg 141w, https:\/\/www.afarte.org.ar\/_newsite\/wp-content\/uploads\/2024\/08\/Infog_1920x1080-2023-768x818.jpg 768w, https:\/\/www.afarte.org.ar\/_newsite\/wp-content\/uploads\/2024\/08\/Infog_1920x1080-2023.jpg 1080w\" sizes=\"(max-width: 962px) 100vw, 962px\" \/>\t\t\t\t\t\t\t\t\t\t\t\t\t<\/div>\n\t\t\t\t<\/div>\n\t\t\t\t<\/div>\n\t\t<div class=\"elementor-element elementor-element-f2e72b0 e-con-full e-flex e-con e-child\" data-id=\"f2e72b0\" data-element_type=\"container\">\n\t\t\t\t<div class=\"elementor-element elementor-element-9de8a33 elementor-widget-divider--view-line elementor-widget elementor-widget-divider\" data-id=\"9de8a33\" data-element_type=\"widget\" data-widget_type=\"divider.default\">\n\t\t\t\t<div class=\"elementor-widget-container\">\n\t\t\t\t\t<div class=\"elementor-divider\">\n\t\t\t<span class=\"elementor-divider-separator\">\n\t\t\t\t\t\t<\/span>\n\t\t<\/div>\n\t\t\t\t<\/div>\n\t\t\t\t<\/div>\n\t\t\t\t<div class=\"elementor-element elementor-element-59f6426 elementor-widget elementor-widget-heading\" data-id=\"59f6426\" data-element_type=\"widget\" data-widget_type=\"heading.default\">\n\t\t\t\t<div class=\"elementor-widget-container\">\n\t\t\t<h2 class=\"elementor-heading-title elementor-size-default\">Datos 2022<\/h2>\t\t<\/div>\n\t\t\t\t<\/div>\n\t\t\t\t<div class=\"elementor-element elementor-element-932c76a elementor-widget elementor-widget-image\" data-id=\"932c76a\" data-element_type=\"widget\" data-widget_type=\"image.default\">\n\t\t\t\t<div class=\"elementor-widget-container\">\n\t\t\t\t\t\t\t\t\t\t\t\t\t<img decoding=\"async\" width=\"576\" height=\"1024\" src=\"https:\/\/www.afarte.org.ar\/_newsite\/wp-content\/uploads\/2024\/08\/Infog_1920x1080-2022-576x1024.jpg\" class=\"attachment-large size-large wp-image-2341\" alt=\"\" srcset=\"https:\/\/www.afarte.org.ar\/_newsite\/wp-content\/uploads\/2024\/08\/Infog_1920x1080-2022-576x1024.jpg 576w, https:\/\/www.afarte.org.ar\/_newsite\/wp-content\/uploads\/2024\/08\/Infog_1920x1080-2022-169x300.jpg 169w, https:\/\/www.afarte.org.ar\/_newsite\/wp-content\/uploads\/2024\/08\/Infog_1920x1080-2022-84x150.jpg 84w, https:\/\/www.afarte.org.ar\/_newsite\/wp-content\/uploads\/2024\/08\/Infog_1920x1080-2022-768x1365.jpg 768w, https:\/\/www.afarte.org.ar\/_newsite\/wp-content\/uploads\/2024\/08\/Infog_1920x1080-2022-864x1536.jpg 864w, https:\/\/www.afarte.org.ar\/_newsite\/wp-content\/uploads\/2024\/08\/Infog_1920x1080-2022.jpg 1080w\" sizes=\"(max-width: 576px) 100vw, 576px\" \/>\t\t\t\t\t\t\t\t\t\t\t\t\t<\/div>\n\t\t\t\t<\/div>\n\t\t\t\t<\/div>\n\t\t<div class=\"elementor-element elementor-element-921e40e e-con-full e-flex e-con e-child\" data-id=\"921e40e\" data-element_type=\"container\">\n\t\t\t\t<div class=\"elementor-element elementor-element-0abb26b elementor-widget-divider--view-line elementor-widget elementor-widget-divider\" data-id=\"0abb26b\" data-element_type=\"widget\" data-widget_type=\"divider.default\">\n\t\t\t\t<div class=\"elementor-widget-container\">\n\t\t\t\t\t<div class=\"elementor-divider\">\n\t\t\t<span class=\"elementor-divider-separator\">\n\t\t\t\t\t\t<\/span>\n\t\t<\/div>\n\t\t\t\t<\/div>\n\t\t\t\t<\/div>\n\t\t\t\t<div class=\"elementor-element elementor-element-12ce5d1 elementor-widget elementor-widget-heading\" data-id=\"12ce5d1\" data-element_type=\"widget\" data-widget_type=\"heading.default\">\n\t\t\t\t<div class=\"elementor-widget-container\">\n\t\t\t<h2 class=\"elementor-heading-title elementor-size-default\">Datos 2021<\/h2>\t\t<\/div>\n\t\t\t\t<\/div>\n\t\t\t\t<div class=\"elementor-element elementor-element-2311b67 elementor-widget elementor-widget-image\" data-id=\"2311b67\" data-element_type=\"widget\" data-widget_type=\"image.default\">\n\t\t\t\t<div class=\"elementor-widget-container\">\n\t\t\t\t\t\t\t\t\t\t\t\t\t<img decoding=\"async\" width=\"576\" height=\"1024\" src=\"https:\/\/www.afarte.org.ar\/_newsite\/wp-content\/uploads\/2024\/08\/Infog_1920x1080-2021-01-576x1024.jpg\" class=\"attachment-large size-large wp-image-2340\" alt=\"\" srcset=\"https:\/\/www.afarte.org.ar\/_newsite\/wp-content\/uploads\/2024\/08\/Infog_1920x1080-2021-01-576x1024.jpg 576w, https:\/\/www.afarte.org.ar\/_newsite\/wp-content\/uploads\/2024\/08\/Infog_1920x1080-2021-01-169x300.jpg 169w, https:\/\/www.afarte.org.ar\/_newsite\/wp-content\/uploads\/2024\/08\/Infog_1920x1080-2021-01-84x150.jpg 84w, https:\/\/www.afarte.org.ar\/_newsite\/wp-content\/uploads\/2024\/08\/Infog_1920x1080-2021-01-768x1365.jpg 768w, https:\/\/www.afarte.org.ar\/_newsite\/wp-content\/uploads\/2024\/08\/Infog_1920x1080-2021-01-864x1536.jpg 864w, https:\/\/www.afarte.org.ar\/_newsite\/wp-content\/uploads\/2024\/08\/Infog_1920x1080-2021-01.jpg 1080w\" sizes=\"(max-width: 576px) 100vw, 576px\" \/>\t\t\t\t\t\t\t\t\t\t\t\t\t<\/div>\n\t\t\t\t<\/div>\n\t\t\t\t<\/div>\n\t\t<div class=\"elementor-element elementor-element-1971f3b e-con-full e-flex e-con e-child\" data-id=\"1971f3b\" data-element_type=\"container\">\n\t\t\t\t<div class=\"elementor-element elementor-element-49f4a67 elementor-widget-divider--view-line elementor-widget elementor-widget-divider\" data-id=\"49f4a67\" data-element_type=\"widget\" data-widget_type=\"divider.default\">\n\t\t\t\t<div class=\"elementor-widget-container\">\n\t\t\t\t\t<div class=\"elementor-divider\">\n\t\t\t<span class=\"elementor-divider-separator\">\n\t\t\t\t\t\t<\/span>\n\t\t<\/div>\n\t\t\t\t<\/div>\n\t\t\t\t<\/div>\n\t\t\t\t<div class=\"elementor-element elementor-element-09e3740 elementor-widget elementor-widget-heading\" data-id=\"09e3740\" data-element_type=\"widget\" data-widget_type=\"heading.default\">\n\t\t\t\t<div class=\"elementor-widget-container\">\n\t\t\t<h2 class=\"elementor-heading-title elementor-size-default\">Datos 2020<\/h2>\t\t<\/div>\n\t\t\t\t<\/div>\n\t\t\t\t<div class=\"elementor-element elementor-element-3971687 elementor-widget elementor-widget-image\" data-id=\"3971687\" data-element_type=\"widget\" data-widget_type=\"image.default\">\n\t\t\t\t<div class=\"elementor-widget-container\">\n\t\t\t\t\t\t\t\t\t\t\t\t\t<img loading=\"lazy\" decoding=\"async\" width=\"765\" height=\"1024\" src=\"https:\/\/www.afarte.org.ar\/_newsite\/wp-content\/uploads\/2020\/07\/infograf\u00eda-2020-765x1024.jpeg\" class=\"attachment-large size-large wp-image-1754\" alt=\"\" srcset=\"https:\/\/www.afarte.org.ar\/_newsite\/wp-content\/uploads\/2020\/07\/infograf\u00eda-2020-765x1024.jpeg 765w, https:\/\/www.afarte.org.ar\/_newsite\/wp-content\/uploads\/2020\/07\/infograf\u00eda-2020-112x150.jpeg 112w, https:\/\/www.afarte.org.ar\/_newsite\/wp-content\/uploads\/2020\/07\/infograf\u00eda-2020-224x300.jpeg 224w, https:\/\/www.afarte.org.ar\/_newsite\/wp-content\/uploads\/2020\/07\/infograf\u00eda-2020-768x1028.jpeg 768w, https:\/\/www.afarte.org.ar\/_newsite\/wp-content\/uploads\/2020\/07\/infograf\u00eda-2020.jpeg 1080w\" sizes=\"(max-width: 765px) 100vw, 765px\" \/>\t\t\t\t\t\t\t\t\t\t\t\t\t<\/div>\n\t\t\t\t<\/div>\n\t\t\t\t<\/div>\n\t\t<div class=\"elementor-element elementor-element-abccaf8 e-con-full e-flex e-con e-child\" data-id=\"abccaf8\" data-element_type=\"container\">\n\t\t\t\t<div class=\"elementor-element elementor-element-aeda2a9 elementor-widget-divider--view-line elementor-widget elementor-widget-divider\" data-id=\"aeda2a9\" data-element_type=\"widget\" data-widget_type=\"divider.default\">\n\t\t\t\t<div class=\"elementor-widget-container\">\n\t\t\t\t\t<div class=\"elementor-divider\">\n\t\t\t<span class=\"elementor-divider-separator\">\n\t\t\t\t\t\t<\/span>\n\t\t<\/div>\n\t\t\t\t<\/div>\n\t\t\t\t<\/div>\n\t\t\t\t<div class=\"elementor-element elementor-element-4219f48 elementor-widget elementor-widget-heading\" data-id=\"4219f48\" data-element_type=\"widget\" data-widget_type=\"heading.default\">\n\t\t\t\t<div class=\"elementor-widget-container\">\n\t\t\t<h2 class=\"elementor-heading-title elementor-size-default\">Datos 2019<\/h2>\t\t<\/div>\n\t\t\t\t<\/div>\n\t\t\t\t<div class=\"elementor-element elementor-element-b25e9ab elementor-widget elementor-widget-image\" data-id=\"b25e9ab\" data-element_type=\"widget\" data-widget_type=\"image.default\">\n\t\t\t\t<div class=\"elementor-widget-container\">\n\t\t\t\t\t\t\t\t\t\t\t\t\t<img loading=\"lazy\" decoding=\"async\" width=\"609\" height=\"1024\" src=\"https:\/\/www.afarte.org.ar\/_newsite\/wp-content\/uploads\/2020\/07\/infografia-2019-609x1024.jpg\" class=\"attachment-large size-large wp-image-1742\" alt=\"\" srcset=\"https:\/\/www.afarte.org.ar\/_newsite\/wp-content\/uploads\/2020\/07\/infografia-2019-609x1024.jpg 609w, https:\/\/www.afarte.org.ar\/_newsite\/wp-content\/uploads\/2020\/07\/infografia-2019-89x150.jpg 89w, https:\/\/www.afarte.org.ar\/_newsite\/wp-content\/uploads\/2020\/07\/infografia-2019-178x300.jpg 178w, https:\/\/www.afarte.org.ar\/_newsite\/wp-content\/uploads\/2020\/07\/infografia-2019-768x1291.jpg 768w, https:\/\/www.afarte.org.ar\/_newsite\/wp-content\/uploads\/2020\/07\/infografia-2019.jpg 1080w\" sizes=\"(max-width: 609px) 100vw, 609px\" \/>\t\t\t\t\t\t\t\t\t\t\t\t\t<\/div>\n\t\t\t\t<\/div>\n\t\t\t\t<\/div>\n\t\t\t\t\t<\/div>\n\t\t\t\t<\/div>\n\t\t<div class=\"elementor-element elementor-element-f3fbe97 e-flex e-con-boxed e-con e-child\" data-id=\"f3fbe97\" data-element_type=\"container\">\n\t\t\t\t\t<div class=\"e-con-inner\">\n\t\t\t\t<div class=\"elementor-element elementor-element-d628652 elementor-widget-divider--view-line elementor-widget elementor-widget-divider\" data-id=\"d628652\" data-element_type=\"widget\" data-widget_type=\"divider.default\">\n\t\t\t\t<div class=\"elementor-widget-container\">\n\t\t\t\t\t<div class=\"elementor-divider\">\n\t\t\t<span class=\"elementor-divider-separator\">\n\t\t\t\t\t\t<\/span>\n\t\t<\/div>\n\t\t\t\t<\/div>\n\t\t\t\t<\/div>\n\t\t\t\t<div class=\"elementor-element elementor-element-b696ab2 elementor-widget elementor-widget-heading\" data-id=\"b696ab2\" data-element_type=\"widget\" data-widget_type=\"heading.default\">\n\t\t\t\t<div class=\"elementor-widget-container\">\n\t\t\t<h2 class=\"elementor-heading-title elementor-size-default\">LA INDUSTRA ELECTR\u00d3NICA ARGENTINA POR DENTRO<\/h2>\t\t<\/div>\n\t\t\t\t<\/div>\n\t\t\t\t<div class=\"elementor-element elementor-element-a42541a elementor-widget elementor-widget-video\" data-id=\"a42541a\" data-element_type=\"widget\" data-settings=\"{&quot;youtube_url&quot;:&quot;https:\\\/\\\/www.youtube.com\\\/watch?v=D_apsaPqa3Q&quot;,&quot;loop&quot;:&quot;yes&quot;,&quot;video_type&quot;:&quot;youtube&quot;}\" data-widget_type=\"video.default\">\n\t\t\t\t<div class=\"elementor-widget-container\">\n\t\t\t<style>\/*! elementor - v3.23.0 - 05-08-2024 *\/\n.elementor-widget-video .elementor-widget-container{overflow:hidden;transform:translateZ(0)}.elementor-widget-video .elementor-wrapper{aspect-ratio:var(--video-aspect-ratio)}.elementor-widget-video .elementor-wrapper iframe,.elementor-widget-video .elementor-wrapper video{height:100%;width:100%;display:flex;border:none;background-color:#000}@supports not (aspect-ratio:1\/1){.elementor-widget-video .elementor-wrapper{position:relative;overflow:hidden;height:0;padding-bottom:calc(100% \/ var(--video-aspect-ratio))}.elementor-widget-video .elementor-wrapper iframe,.elementor-widget-video .elementor-wrapper video{position:absolute;top:0;right:0;bottom:0;left:0}}.elementor-widget-video .elementor-open-inline .elementor-custom-embed-image-overlay{position:absolute;top:0;right:0;bottom:0;left:0;background-size:cover;background-position:50%}.elementor-widget-video .elementor-custom-embed-image-overlay{cursor:pointer;text-align:center}.elementor-widget-video .elementor-custom-embed-image-overlay:hover .elementor-custom-embed-play i{opacity:1}.elementor-widget-video .elementor-custom-embed-image-overlay img{display:block;width:100%;aspect-ratio:var(--video-aspect-ratio);-o-object-fit:cover;object-fit:cover;-o-object-position:center center;object-position:center center}@supports not (aspect-ratio:1\/1){.elementor-widget-video .elementor-custom-embed-image-overlay{position:relative;overflow:hidden;height:0;padding-bottom:calc(100% \/ var(--video-aspect-ratio))}.elementor-widget-video .elementor-custom-embed-image-overlay img{position:absolute;top:0;right:0;bottom:0;left:0}}.elementor-widget-video .e-hosted-video .elementor-video{-o-object-fit:cover;object-fit:cover}.e-con-inner>.elementor-widget-video,.e-con>.elementor-widget-video{width:var(--container-widget-width);--flex-grow:var(--container-widget-flex-grow)}<\/style>\t\t<div class=\"elementor-wrapper elementor-open-inline\">\n\t\t\t<div class=\"elementor-video\"><\/div>\t\t<\/div>\n\t\t\t\t<\/div>\n\t\t\t\t<\/div>\n\t\t\t\t\t<\/div>\n\t\t\t\t<\/div>\n\t\t<div class=\"elementor-element elementor-element-7bf4bc5 e-flex e-con-boxed e-con e-child\" data-id=\"7bf4bc5\" data-element_type=\"container\">\n\t\t\t\t\t<div class=\"e-con-inner\">\n\t\t\t\t<div class=\"elementor-element elementor-element-8955c20 elementor-widget-divider--view-line elementor-widget elementor-widget-divider\" data-id=\"8955c20\" data-element_type=\"widget\" data-widget_type=\"divider.default\">\n\t\t\t\t<div class=\"elementor-widget-container\">\n\t\t\t\t\t<div class=\"elementor-divider\">\n\t\t\t<span class=\"elementor-divider-separator\">\n\t\t\t\t\t\t<\/span>\n\t\t<\/div>\n\t\t\t\t<\/div>\n\t\t\t\t<\/div>\n\t\t\t\t<div class=\"elementor-element elementor-element-76e0d90 elementor-widget elementor-widget-heading\" data-id=\"76e0d90\" data-element_type=\"widget\" data-widget_type=\"heading.default\">\n\t\t\t\t<div class=\"elementor-widget-container\">\n\t\t\t<h2 class=\"elementor-heading-title elementor-size-default\">SOBRE TIERRA DEL FUEGO\n<\/h2>\t\t<\/div>\n\t\t\t\t<\/div>\n\t\t\t\t<div class=\"elementor-element elementor-element-34690a0 elementor-widget elementor-widget-text-editor\" data-id=\"34690a0\" data-element_type=\"widget\" data-widget_type=\"text-editor.default\">\n\t\t\t\t<div class=\"elementor-widget-container\">\n\t\t\t\t\t\t\tEl desembarco de la industria en Tierra del Fuego fue uno de los principales motores del desarrollo en la provincia m\u00e1s austral del pa\u00eds. Lentamente esta tierra se fue poblando de la mano del empleo y de las f\u00e1bricas que trajeron familias enteras decididas a radicarse en el fin del mundo. La naturaleza, la cultura, la industria y su gente, le dan a esta provincia una identidad particular y atractiva. Conoc\u00e9 m\u00e1s sobre esta provincia en la Gu\u00eda de Turismo, Cultura e Industria.\t\t\t\t\t\t<\/div>\n\t\t\t\t<\/div>\n\t\t\t\t<div class=\"elementor-element elementor-element-d4fd494 elementor-widget elementor-widget-button\" data-id=\"d4fd494\" data-element_type=\"widget\" data-widget_type=\"button.default\">\n\t\t\t\t<div class=\"elementor-widget-container\">\n\t\t\t\t\t<div class=\"elementor-button-wrapper\">\n\t\t\t<a class=\"elementor-button elementor-button-link elementor-size-sm\" href=\"https:\/\/afarte.org.ar\/_newsite\/wp-content\/uploads\/2020\/07\/correos-electronicos-tierradelfuego_revista2019.pdf\" target=\"_blank\">\n\t\t\t\t\t\t<span class=\"elementor-button-content-wrapper\">\n\t\t\t\t\t\t\t\t\t<span class=\"elementor-button-text\">Descarg\u00e1 la gu\u00eda de tdf<\/span>\n\t\t\t\t\t<\/span>\n\t\t\t\t\t<\/a>\n\t\t<\/div>\n\t\t\t\t<\/div>\n\t\t\t\t<\/div>\n\t\t\t\t\t<\/div>\n\t\t\t\t<\/div>\n\t\t\t\t<\/div>\n\t\t","protected":false},"excerpt":{"rendered":"<p>Estad\u00edsticas afarte Los principales fabricantes de bienes electr\u00f3nicos de consumo: equipos de aire acondicionado, televisores, cocinas de microondas y telefon\u00eda celular, integramos la Asociaci\u00f3n de F\u00e1bricas Argentinas Terminales de Electr\u00f3nica, nuestra c\u00e1mara empresaria que agrupa a los protagonistas de esta [&hellip;]<\/p>\n","protected":false},"author":1,"featured_media":0,"parent":0,"menu_order":0,"comment_status":"closed","ping_status":"closed","template":"","meta":{"inline_featured_image":false,"footnotes":""},"class_list":["post-1726","page","type-page","status-publish","hentry"],"_links":{"self":[{"href":"https:\/\/www.afarte.org.ar\/_newsite\/wp-json\/wp\/v2\/pages\/1726"}],"collection":[{"href":"https:\/\/www.afarte.org.ar\/_newsite\/wp-json\/wp\/v2\/pages"}],"about":[{"href":"https:\/\/www.afarte.org.ar\/_newsite\/wp-json\/wp\/v2\/types\/page"}],"author":[{"embeddable":true,"href":"https:\/\/www.afarte.org.ar\/_newsite\/wp-json\/wp\/v2\/users\/1"}],"replies":[{"embeddable":true,"href":"https:\/\/www.afarte.org.ar\/_newsite\/wp-json\/wp\/v2\/comments?post=1726"}],"version-history":[{"count":37,"href":"https:\/\/www.afarte.org.ar\/_newsite\/wp-json\/wp\/v2\/pages\/1726\/revisions"}],"predecessor-version":[{"id":2408,"href":"https:\/\/www.afarte.org.ar\/_newsite\/wp-json\/wp\/v2\/pages\/1726\/revisions\/2408"}],"wp:attachment":[{"href":"https:\/\/www.afarte.org.ar\/_newsite\/wp-json\/wp\/v2\/media?parent=1726"}],"curies":[{"name":"wp","href":"https:\/\/api.w.org\/{rel}","templated":true}]}}