{"id":1017,"date":"2016-09-01T00:03:11","date_gmt":"2016-09-01T03:03:11","guid":{"rendered":"https:\/\/www.afarte.org.ar\/_newsite\/?page_id=1017"},"modified":"2017-03-13T00:00:30","modified_gmt":"2017-03-13T03:00:30","slug":"nuestra_historia","status":"publish","type":"page","link":"https:\/\/www.afarte.org.ar\/_newsite\/nuestra_historia\/","title":{"rendered":"_Historia"},"content":{"rendered":"<section class='page-content' style=''  ><section class='container'><div class='row' style='margin-bottom: -50px ;'><div class='col-md-12 ' style='' ><\/div><\/div><div class='row' style=''><div class='col-md-12 ' style='' ><div class='custom-heading'>\n                            <h2>NUESTRA HISTORIA<\/h2>                            \n                        <\/div><div style='margin-bottom: 40px;' class=''><div class='cma-wysiwyg-editor'><p>La provincia de Tierra del Fuego se ha convertido en un polo tecnol\u00f3gico donde predominan diversas industrias, entre ellas la industria electr\u00f3nica que posee f\u00e1bricas en las ciudades de R\u00edo Grande y Ushuaia. Este Polo Tecnol\u00f3gico naci\u00f3 como consecuencia de la creaci\u00f3n del r\u00e9gimen de promoci\u00f3n econ\u00f3mica, que fue creado en 1972 con fines geopol\u00edticos y del cual se desprende el subr\u00e9gimen de promoci\u00f3n industrial.<\/p><p>A principios de la d\u00e9cada de los setenta, la escasa poblaci\u00f3n de la regi\u00f3n austral argentina era una debilidad geopol\u00edtica importante, por ese motivo se impuls\u00f3 la idea de fomentar una migraci\u00f3n interna de personas hacia la zona.<\/p><p>Con el objetivo de promover el desarrollo socioecon\u00f3mico en la provincia de Tierra del Fuego y para motivar a la industria manufacturera nacional para que se instalara en el sur, fue necesario crear condiciones econ\u00f3micas e impositivas especiales que resultaran lo suficientemente atractivas para empleadores y empleados.<\/p><p>El sector evolucion\u00f3 y en la actualidad existen, en toda la provincia, 58 empresas de las cuales 34 fabrican bienes electr\u00f3nicos de consumo, bajo est\u00e1ndares internacionales de calidad.<\/p><p>Afarte naci\u00f3 en 1956 conformada por empresas que producen equipos de aire acondicionado, televisores, cocinas de microondas, inform\u00e1tica, telefon\u00eda celular y electr\u00f3nica para el autom\u00f3vil. Llevan invertidos m\u00e1s de U$S 500 millones en los \u00faltimos cinco a\u00f1os y en 2016 facturaron U$S 3.500 millones en conjunto.<\/p><\/div><\/div><\/div><\/div><\/section><\/section>\n","protected":false},"excerpt":{"rendered":"","protected":false},"author":1,"featured_media":0,"parent":0,"menu_order":0,"comment_status":"closed","ping_status":"closed","template":"","meta":{"inline_featured_image":false,"footnotes":""},"class_list":["post-1017","page","type-page","status-publish","hentry"],"_links":{"self":[{"href":"https:\/\/www.afarte.org.ar\/_newsite\/wp-json\/wp\/v2\/pages\/1017"}],"collection":[{"href":"https:\/\/www.afarte.org.ar\/_newsite\/wp-json\/wp\/v2\/pages"}],"about":[{"href":"https:\/\/www.afarte.org.ar\/_newsite\/wp-json\/wp\/v2\/types\/page"}],"author":[{"embeddable":true,"href":"https:\/\/www.afarte.org.ar\/_newsite\/wp-json\/wp\/v2\/users\/1"}],"replies":[{"embeddable":true,"href":"https:\/\/www.afarte.org.ar\/_newsite\/wp-json\/wp\/v2\/comments?post=1017"}],"version-history":[{"count":8,"href":"https:\/\/www.afarte.org.ar\/_newsite\/wp-json\/wp\/v2\/pages\/1017\/revisions"}],"predecessor-version":[{"id":1151,"href":"https:\/\/www.afarte.org.ar\/_newsite\/wp-json\/wp\/v2\/pages\/1017\/revisions\/1151"}],"wp:attachment":[{"href":"https:\/\/www.afarte.org.ar\/_newsite\/wp-json\/wp\/v2\/media?parent=1017"}],"curies":[{"name":"wp","href":"https:\/\/api.w.org\/{rel}","templated":true}]}}